{"id":679,"date":"2024-11-08T18:18:24","date_gmt":"2024-11-08T18:18:24","guid":{"rendered":"https:\/\/www.zahnklinik.cz\/?page_id=679"},"modified":"2024-11-13T17:05:45","modified_gmt":"2024-11-13T17:05:45","slug":"poskytovane-sluzby","status":"publish","type":"page","link":"https:\/\/www.zahnklinik.cz\/de\/poskytovane-sluzby\/","title":{"rendered":"Unsere Leistungen"},"content":{"rendered":"<style type=\"text\/css\" data-created_by=\"avia_inline_auto\" id=\"style-css-av-2b2vtj-13bbed6301067071c540f2d189a34e9e\">\n.avia-section.av-2b2vtj-13bbed6301067071c540f2d189a34e9e{\nbackground-color:#001a8c;\nbackground-repeat:no-repeat;\nbackground-image:url(https:\/\/www.zahnklinik.cz\/wp-content\/uploads\/2024\/11\/6-1.png), linear-gradient( 45deg, #001a8c, #008cd8 );\nbackground-position:50% 50%;\nbackground-attachment:scroll;\n}\n.avia-section.av-2b2vtj-13bbed6301067071c540f2d189a34e9e .av-extra-border-element .av-extra-border-inner{\nbackground-color:#ffffff;\n}\n<\/style>\n<div id='services'  class='avia-section av-2b2vtj-13bbed6301067071c540f2d189a34e9e main_color avia-section-no-padding avia-no-border-styling  avia-builder-el-0  avia-builder-el-no-sibling  avia-full-stretch avia-bg-style-scroll av-minimum-height av-minimum-height-25  container_wrap fullsize'  data-section-bg-repeat='stretch' data-av_minimum_height_pc='25'><div class='container av-section-cont-open' ><main  role=\"main\" itemprop=\"mainContentOfPage\"  class='template-page content  av-content-full alpha units'><div class='post-entry post-entry-type-page post-entry-679'><div class='entry-content-wrapper clearfix'>\n\n<style type=\"text\/css\" data-created_by=\"avia_inline_auto\" id=\"style-css-av-2251ef-2a6fcdb2a62d18d2713df44cd38900e4\">\n#top .hr.hr-invisible.av-2251ef-2a6fcdb2a62d18d2713df44cd38900e4{\nheight:50px;\n}\n<\/style>\n<div  class='hr av-2251ef-2a6fcdb2a62d18d2713df44cd38900e4 hr-invisible  avia-builder-el-1  el_before_av_heading  avia-builder-el-first'><span class='hr-inner'><span class=\"hr-inner-style\"><\/span><\/span><\/div>\n\n<style type=\"text\/css\" data-created_by=\"avia_inline_auto\" id=\"style-css-av-1wy2ov-8486a1ae0351450a8f1df6595c8feb83\">\n#top .av-special-heading.av-1wy2ov-8486a1ae0351450a8f1df6595c8feb83{\nmargin:0 0 0.7em 0;\npadding-bottom:20px;\ncolor:#ffffff;\nfont-size:53px;\n}\nbody .av-special-heading.av-1wy2ov-8486a1ae0351450a8f1df6595c8feb83 .av-special-heading-tag .heading-char{\nfont-size:25px;\n}\n#top #wrap_all .av-special-heading.av-1wy2ov-8486a1ae0351450a8f1df6595c8feb83 .av-special-heading-tag{\nfont-size:53px;\n}\n.av-special-heading.av-1wy2ov-8486a1ae0351450a8f1df6595c8feb83 .special-heading-inner-border{\nborder-color:#ffffff;\n}\n.av-special-heading.av-1wy2ov-8486a1ae0351450a8f1df6595c8feb83 .av-subheading{\nfont-size:23px;\n}\n\n@media only screen and (min-width: 480px) and (max-width: 767px){ \n#top #wrap_all .av-special-heading.av-1wy2ov-8486a1ae0351450a8f1df6595c8feb83 .av-special-heading-tag{\nfont-size:0.8em;\n}\n}\n\n@media only screen and (max-width: 479px){ \n#top #wrap_all .av-special-heading.av-1wy2ov-8486a1ae0351450a8f1df6595c8feb83 .av-special-heading-tag{\nfont-size:0.8em;\n}\n}\n<\/style>\n<div  class='av-special-heading av-1wy2ov-8486a1ae0351450a8f1df6595c8feb83 av-special-heading-h3 custom-color-heading blockquote modern-quote modern-centered  avia-builder-el-2  el_after_av_hr  el_before_av_two_third  av-inherit-size av-linked-heading'><h3 class='av-special-heading-tag'  itemprop=\"headline\"  >Unsere Leistungen<\/h3><div class='av_custom_color av-subheading av-subheading_below'><p>von der Mundhygiene bis zu Implantaten<\/p>\n<\/div><div class=\"special-heading-border\"><div class=\"special-heading-inner-border\"><\/div><\/div><\/div>\n<div class='flex_column av-22xa7-09185770bfccfec067626be5c4854ba3 av_two_third  avia-builder-el-3  el_after_av_heading  el_before_av_one_third  first flex_column_div'     ><style type=\"text\/css\" data-created_by=\"avia_inline_auto\" id=\"style-css-av-m3g44xun-aeb0c9f49719eead56ed23b99562117d\">\n#top .av_textblock_section.av-m3g44xun-aeb0c9f49719eead56ed23b99562117d .avia_textblock{\ncolor:#ffffff;\n}\n<\/style>\n<section  class='av_textblock_section av-m3g44xun-aeb0c9f49719eead56ed23b99562117d'  itemscope=\"itemscope\" itemtype=\"https:\/\/schema.org\/CreativeWork\" ><div class='avia_textblock av_inherit_color'  itemprop=\"text\" ><p style=\"text-align: center;\">Die Zahnklinik Dr.JAKUB\u010c\u00c1K s.r.o. ist eine moderne Praxis f\u00fcr ganzheitliche Zahnmedizin, die sich auf \u00e4sthetische Zahnmedizin, Kieferchirurgie, Br\u00fccken, Kronen, Zahnimplantate, Zahnersatz, Endodontie, weisse F\u00fcllungen (Kunststoff), Bleaching, Mundhygiene, moderne Prothetik, Parodontologie und Hybridprothesen in Tschechien spezialisiert hat.<\/p>\n<p style=\"text-align: center;\">In unserem hausinternen Zahnlabor k\u00f6nnen wir viele Arbeiten sofort durchf\u00fchren.<\/p>\n<p style=\"text-align: center;\">Die Praxis liegt in der tschechischen Stadt Vy\u0161\u0161\u00ed Brod, nahe der \u00f6sterreichischen Grenze \u2013 nur etwa eine halbe Autostunde von Linz entfernt.<\/p>\n<p style=\"text-align: center;\">- Bei uns erleben Sie eine angenehme und ruhige Atmosph\u00e4re<br \/>\n- Wir nehmen uns Zeit, um auf Ihre W\u00fcnsche und Probleme einzugehen<br \/>\n- Aufgrund des breiten Qualifikationsspektrums unserer \u00c4rzte bieten wir die gesamte Zahnheilkunde unter einem Dach an<\/p>\n<\/div><\/section><\/div>\n<style type=\"text\/css\" data-created_by=\"avia_inline_auto\" id=\"style-css-av-3jisv-88e06b82cd238cdee84a822b913fb3e7\">\n.flex_column.av-3jisv-88e06b82cd238cdee84a822b913fb3e7{\npadding:10px 0 0 0;\n}\n<\/style>\n<div class='flex_column av-3jisv-88e06b82cd238cdee84a822b913fb3e7 av_one_third  avia-builder-el-5  el_after_av_two_third  el_before_av_one_full  flex_column_div'     ><p>\n<style type=\"text\/css\" data-created_by=\"avia_inline_auto\" id=\"style-css-av-m3bo58xz-86d99bf71496683368b5f79073d75989\">\n#top .av-special-heading.av-m3bo58xz-86d99bf71496683368b5f79073d75989{\npadding-bottom:10px;\ncolor:#ffffff;\n}\nbody .av-special-heading.av-m3bo58xz-86d99bf71496683368b5f79073d75989 .av-special-heading-tag .heading-char{\nfont-size:25px;\n}\n.av-special-heading.av-m3bo58xz-86d99bf71496683368b5f79073d75989 .special-heading-inner-border{\nborder-color:#ffffff;\n}\n.av-special-heading.av-m3bo58xz-86d99bf71496683368b5f79073d75989 .av-subheading{\nfont-size:15px;\n}\n<\/style>\n<div  class='av-special-heading av-m3bo58xz-86d99bf71496683368b5f79073d75989 av-special-heading-h3 custom-color-heading blockquote modern-quote modern-centered  avia-builder-el-6  el_before_av_textblock  avia-builder-el-first'><h3 class='av-special-heading-tag'  itemprop=\"headline\"  >Unsere Dienstleistungen umfassen eine umfassende zahn\u00e4rztliche Versorgung<\/h3><div class=\"special-heading-border\"><div class=\"special-heading-inner-border\"><\/div><\/div><\/div><br \/>\n\n<style type=\"text\/css\" data-created_by=\"avia_inline_auto\" id=\"style-css-av-m3bo7x39-2d3befc2a24fbedb1198376c7a804d42\">\n#top .av_textblock_section.av-m3bo7x39-2d3befc2a24fbedb1198376c7a804d42 .avia_textblock{\nfont-size:14px;\ncolor:#ffffff;\n-webkit-column-count:2;\n-moz-column-count:2;\ncolumn-count:2;\n}\n<\/style>\n<section  class='av_textblock_section av-m3bo7x39-2d3befc2a24fbedb1198376c7a804d42'  itemscope=\"itemscope\" itemtype=\"https:\/\/schema.org\/CreativeWork\" ><div class='avia_textblock av_multi_colums av_inherit_color'  itemprop=\"text\" ><ul>\n<li><span style=\"color: #ffffff;\">Kontrollbehandlung<\/span><\/li>\n<li><span style=\"color: #ffffff;\">Mundhygiene<\/span><\/li>\n<li><span style=\"color: #ffffff;\">Parodontitisbehandlung<\/span><\/li>\n<li><span style=\"color: #ffffff;\">Wurzelbehandlung<\/span><\/li>\n<li><span style=\"color: #ffffff;\">Kariesbehandlung<\/span><\/li>\n<li><span style=\"color: #ffffff;\">(\u00e4sthetische) bissrekonstruktion<\/span><\/li>\n<\/ul>\n<\/div><\/section><\/p><\/div>\n<style type=\"text\/css\" data-created_by=\"avia_inline_auto\" id=\"style-css-av-1sljnr-7930feb8d972582e42413ac23b580cab\">\n.flex_column.av-1sljnr-7930feb8d972582e42413ac23b580cab{\n-webkit-border-radius:0px 0px 0px 0px;\n-moz-border-radius:0px 0px 0px 0px;\nborder-radius:0px 0px 0px 0px;\npadding:0px 0px 0px 0px;\n}\n<\/style>\n<div class='flex_column av-1sljnr-7930feb8d972582e42413ac23b580cab av_one_full  avia-builder-el-8  el_after_av_one_third  avia-builder-el-last  first no_margin flex_column_div av-animated-generic pop-up av-zero-column-padding column-top-margin'     ><style type=\"text\/css\" data-created_by=\"avia_inline_auto\" id=\"style-css-av-1jzbg7-f4fa7eb6fedf4cc9a3f425d7f4d2d193\">\n.avia-icon-grid-container.av-1jzbg7-f4fa7eb6fedf4cc9a3f425d7f4d2d193 .avia-icongrid{\njustify-content:space-between;\n}\n.avia-icon-grid-container.av-1jzbg7-f4fa7eb6fedf4cc9a3f425d7f4d2d193 .avia-icongrid-wrapper .avia-icongrid-front{\nborder-style:none;\n}\n.avia-icon-grid-container.av-1jzbg7-f4fa7eb6fedf4cc9a3f425d7f4d2d193 .avia-icongrid-wrapper .avia-icongrid-icon{\ncolor:#ffffff;\n}\n.avia-icon-grid-container.av-1jzbg7-f4fa7eb6fedf4cc9a3f425d7f4d2d193 .avia-icongrid-wrapper .icongrid_title{\nfont-size:18px;\ncolor:#ffffff;\n}\n.avia-icon-grid-container.av-1jzbg7-f4fa7eb6fedf4cc9a3f425d7f4d2d193 .avia-icongrid-wrapper .icongrid_subtitle{\nfont-size:16px;\ncolor:rgba(255,255,255,0.49);\n}\n.avia-icon-grid-container.av-1jzbg7-f4fa7eb6fedf4cc9a3f425d7f4d2d193 .avia-icongrid-wrapper .avia-icongrid-content .avia-icongrid-text{\ncolor:rgba(255,255,255,0.78);\n}\n.avia-icon-grid-container.av-1jzbg7-f4fa7eb6fedf4cc9a3f425d7f4d2d193 .avia-icongrid-wrapper .avia-icongrid-flipback{\nborder-style:none;\n}\n.avia-icon-grid-container.av-1jzbg7-f4fa7eb6fedf4cc9a3f425d7f4d2d193 .avia-icongrid-wrapper .avia-icongrid-flipback .avia-icongrid-text{\ncolor:rgba(255,255,255,0.78);\n}\n<\/style>\n\n<style type=\"text\/css\" data-created_by=\"avia_inline_auto\" id=\"style-css-sub-av-1jzbg7-f4fa7eb6fedf4cc9a3f425d7f4d2d193\">\n.avia-icon-grid-container .avia-icongrid-wrapper.av-1fqa6v-11104cfec2ea374436247561fd52ddc3 .avia-icongrid-icon{\ncolor:#ffffff;\n}\n.avia-icon-grid-container .avia-icongrid-wrapper.av-1fqa6v-11104cfec2ea374436247561fd52ddc3 .icongrid_title{\ncolor:#ffffff;\n}\n.avia-icon-grid-container .avia-icongrid-wrapper.av-1fqa6v-11104cfec2ea374436247561fd52ddc3 .icongrid_subtitle{\ncolor:#ffffff;\n}\n.avia-icon-grid-container .avia-icongrid-wrapper.av-1fqa6v-11104cfec2ea374436247561fd52ddc3 .avia-icongrid-content .avia-icongrid-text{\ncolor:#ffffff;\n}\n.avia-icon-grid-container .avia-icongrid-wrapper.av-1fqa6v-11104cfec2ea374436247561fd52ddc3 .avia-icongrid-flipback .avia-icongrid-text{\ncolor:#ffffff;\n}\n.avia-icon-grid-container .avia-icongrid-wrapper.av-16t93b-e52a8009311075a74886aad5e8959bf4 .avia-icongrid-icon{\ncolor:#ffffff;\n}\n.avia-icon-grid-container .avia-icongrid-wrapper.av-16t93b-e52a8009311075a74886aad5e8959bf4 .icongrid_title{\ncolor:#ffffff;\n}\n.avia-icon-grid-container .avia-icongrid-wrapper.av-16t93b-e52a8009311075a74886aad5e8959bf4 .icongrid_subtitle{\ncolor:#ffffff;\n}\n.avia-icon-grid-container .avia-icongrid-wrapper.av-16t93b-e52a8009311075a74886aad5e8959bf4 .avia-icongrid-content .avia-icongrid-text{\ncolor:#ffffff;\n}\n.avia-icon-grid-container .avia-icongrid-wrapper.av-16t93b-e52a8009311075a74886aad5e8959bf4 .avia-icongrid-flipback .avia-icongrid-text{\ncolor:#ffffff;\n}\n.avia-icon-grid-container .avia-icongrid-wrapper.av-43o3z-4462433d71eac9a2c84b68c5579cd935 .avia-icongrid-icon{\ncolor:#ffffff;\n}\n.avia-icon-grid-container .avia-icongrid-wrapper.av-43o3z-4462433d71eac9a2c84b68c5579cd935 .icongrid_title{\ncolor:#ffffff;\n}\n.avia-icon-grid-container .avia-icongrid-wrapper.av-43o3z-4462433d71eac9a2c84b68c5579cd935 .icongrid_subtitle{\ncolor:#ffffff;\n}\n.avia-icon-grid-container .avia-icongrid-wrapper.av-43o3z-4462433d71eac9a2c84b68c5579cd935 .avia-icongrid-content .avia-icongrid-text{\ncolor:#ffffff;\n}\n.avia-icon-grid-container .avia-icongrid-wrapper.av-43o3z-4462433d71eac9a2c84b68c5579cd935 .avia-icongrid-flipback .avia-icongrid-text{\ncolor:#ffffff;\n}\n.avia-icon-grid-container .avia-icongrid-wrapper.av-w35ef-7ec4fb665bd18b51e918c453a207b267 .avia-icongrid-icon{\ncolor:#ffffff;\n}\n.avia-icon-grid-container .avia-icongrid-wrapper.av-w35ef-7ec4fb665bd18b51e918c453a207b267 .icongrid_title{\ncolor:#ffffff;\n}\n.avia-icon-grid-container .avia-icongrid-wrapper.av-w35ef-7ec4fb665bd18b51e918c453a207b267 .icongrid_subtitle{\ncolor:#ffffff;\n}\n.avia-icon-grid-container .avia-icongrid-wrapper.av-w35ef-7ec4fb665bd18b51e918c453a207b267 .avia-icongrid-content .avia-icongrid-text{\ncolor:#ffffff;\n}\n.avia-icon-grid-container .avia-icongrid-wrapper.av-w35ef-7ec4fb665bd18b51e918c453a207b267 .avia-icongrid-flipback .avia-icongrid-text{\ncolor:#ffffff;\n}\n.avia-icon-grid-container .avia-icongrid-wrapper.av-s8axz-40ea51e1f24ccf85db691fb5f553a6c8 .avia-icongrid-icon{\ncolor:#ffffff;\n}\n.avia-icon-grid-container .avia-icongrid-wrapper.av-s8axz-40ea51e1f24ccf85db691fb5f553a6c8 .icongrid_title{\ncolor:#ffffff;\n}\n.avia-icon-grid-container .avia-icongrid-wrapper.av-s8axz-40ea51e1f24ccf85db691fb5f553a6c8 .icongrid_subtitle{\ncolor:#ffffff;\n}\n.avia-icon-grid-container .avia-icongrid-wrapper.av-s8axz-40ea51e1f24ccf85db691fb5f553a6c8 .avia-icongrid-content .avia-icongrid-text{\ncolor:#ffffff;\n}\n.avia-icon-grid-container .avia-icongrid-wrapper.av-s8axz-40ea51e1f24ccf85db691fb5f553a6c8 .avia-icongrid-flipback .avia-icongrid-text{\ncolor:#ffffff;\n}\n.avia-icon-grid-container .avia-icongrid-wrapper.av-mfdc7-6f0ff2bb448b8baf6e62ff4b5a134208 .avia-icongrid-icon{\ncolor:#ffffff;\n}\n.avia-icon-grid-container .avia-icongrid-wrapper.av-mfdc7-6f0ff2bb448b8baf6e62ff4b5a134208 .icongrid_title{\ncolor:#ffffff;\n}\n.avia-icon-grid-container .avia-icongrid-wrapper.av-mfdc7-6f0ff2bb448b8baf6e62ff4b5a134208 .icongrid_subtitle{\ncolor:#ffffff;\n}\n.avia-icon-grid-container .avia-icongrid-wrapper.av-mfdc7-6f0ff2bb448b8baf6e62ff4b5a134208 .avia-icongrid-content .avia-icongrid-text{\ncolor:#ffffff;\n}\n.avia-icon-grid-container .avia-icongrid-wrapper.av-mfdc7-6f0ff2bb448b8baf6e62ff4b5a134208 .avia-icongrid-flipback .avia-icongrid-text{\ncolor:#ffffff;\n}\n.avia-icon-grid-container .avia-icongrid-wrapper.av-f2kxj-20b7f850ffeaf59af0b2fddf4c4fd5f7 .avia-icongrid-icon{\ncolor:#ffffff;\n}\n.avia-icon-grid-container .avia-icongrid-wrapper.av-f2kxj-20b7f850ffeaf59af0b2fddf4c4fd5f7 .icongrid_title{\ncolor:#ffffff;\n}\n.avia-icon-grid-container .avia-icongrid-wrapper.av-f2kxj-20b7f850ffeaf59af0b2fddf4c4fd5f7 .icongrid_subtitle{\ncolor:#ffffff;\n}\n.avia-icon-grid-container .avia-icongrid-wrapper.av-f2kxj-20b7f850ffeaf59af0b2fddf4c4fd5f7 .avia-icongrid-content .avia-icongrid-text{\ncolor:#ffffff;\n}\n.avia-icon-grid-container .avia-icongrid-wrapper.av-f2kxj-20b7f850ffeaf59af0b2fddf4c4fd5f7 .avia-icongrid-flipback .avia-icongrid-text{\ncolor:#ffffff;\n}\n.avia-icon-grid-container .avia-icongrid-wrapper.av-875iv-3159200099ba230697b040c613c1864b .avia-icongrid-icon{\ncolor:#ffffff;\n}\n.avia-icon-grid-container .avia-icongrid-wrapper.av-875iv-3159200099ba230697b040c613c1864b .icongrid_title{\ncolor:#ffffff;\n}\n.avia-icon-grid-container .avia-icongrid-wrapper.av-875iv-3159200099ba230697b040c613c1864b .icongrid_subtitle{\ncolor:#ffffff;\n}\n.avia-icon-grid-container .avia-icongrid-wrapper.av-875iv-3159200099ba230697b040c613c1864b .avia-icongrid-content .avia-icongrid-text{\ncolor:#ffffff;\n}\n.avia-icon-grid-container .avia-icongrid-wrapper.av-875iv-3159200099ba230697b040c613c1864b .avia-icongrid-flipback .avia-icongrid-text{\ncolor:#ffffff;\n}\n<\/style>\n<div  class='avia-icon-grid-container av-1jzbg7-f4fa7eb6fedf4cc9a3f425d7f4d2d193  avia-builder-el-9  avia-builder-el-no-sibling' ><ul id='avia-icongrid-69f3d8f33f70d' class='avia-icongrid clearfix avia_animate_when_almost_visible avia-icongrid-flipbox avia-icongrid-numrow-4 avia-cell-space-between av-flex-cells av-break-767 av-can-break-50'>\n<li class='av-icon-cell-item av-row-with-4-cells av-row-nr-1 av-cell-1 av-first-cell-row av-first-cell-item'><a href='https:\/\/www.zahnklinik.cz\/de\/poskytovane-sluzby\/zubni-kaz\/' title=''  class='avia-icongrid-wrapper av-1fqa6v-11104cfec2ea374436247561fd52ddc3'><article class='article-icon-entry'  itemscope=\"itemscope\" itemtype=\"https:\/\/schema.org\/CreativeWork\" ><div class='avia-icongrid-front'><div class=\"avia-icongrid-inner\"><header class=\"entry-content-header\"><h6 class='av_icongrid_subtitle icongrid_subtitle' ><p><img loading=\"lazy\" decoding=\"async\" src=\"http:\/\/www.zahnklinik.cz\/wp-content\/uploads\/2024\/11\/zubni_kaz.png\" alt=\"Popis obr\u00e1zku\" width=\"80\" height=\"80\" \/><\/p>\n<h3 style=\"color: white;\">Karies<\/h3>\n<\/h6><\/header><\/div><\/div><div class='avia-icongrid-flipback'><div class=\"avia-icongrid-inner\"><div class='avia-icongrid-text'  itemprop=\"text\" ><p>Karies ist eine durch S\u00e4ure verursachte Sch\u00e4digung des Zahns. Zur Behandlung entfernen wir das betroffene Gewebe und ersetzen es durch eine F\u00fcllung. Wir bieten zahnfarbene, wei\u00dfe Kompositf\u00fcllungen oder haltbares Amalgam als kosteng\u00fcnstige Option an.<\/p>\n<\/div><\/div><\/div><\/article><\/a><\/li>\n<li class='av-icon-cell-item av-row-with-4-cells av-row-nr-1 av-cell-2 av-first-cell-row av-inner-cell-item'><a href='https:\/\/www.zahnklinik.cz\/de\/poskytovane-sluzby\/zubni-korunky\/' title=''  class='avia-icongrid-wrapper av-16t93b-e52a8009311075a74886aad5e8959bf4'><article class='article-icon-entry'  itemscope=\"itemscope\" itemtype=\"https:\/\/schema.org\/CreativeWork\" ><div class='avia-icongrid-front'><div class=\"avia-icongrid-inner\"><header class=\"entry-content-header\"><h6 class='av_icongrid_subtitle icongrid_subtitle' ><p><img loading=\"lazy\" decoding=\"async\" src=\"http:\/\/www.zahnklinik.cz\/wp-content\/uploads\/2024\/11\/zubni_korunky.png\" alt=\"Popis obr\u00e1zku\" width=\"80\" height=\"80\" \/><\/p>\n<h3 style=\"color: white;\">Kronen<\/h3>\n<\/h6><\/header><\/div><\/div><div class='avia-icongrid-flipback'><div class=\"avia-icongrid-inner\"><div class='avia-icongrid-text'  itemprop=\"text\" ><p>Zahnkronen stellen die Form und Funktion eines gesch\u00e4digten Zahns wieder her, sch\u00fctzen seine Struktur, dienen zur Befestigung von Br\u00fccken und Prothesen und gew\u00e4hrleisten eine langfristige Funktionalit\u00e4t und \u00c4sthetik.<\/p>\n<\/div><\/div><\/div><\/article><\/a><\/li>\n<li class='av-icon-cell-item av-row-with-4-cells av-row-nr-1 av-cell-3 av-first-cell-row av-inner-cell-item'><a href='https:\/\/www.zahnklinik.cz\/de\/poskytovane-sluzby\/zubni-mustky\/' title=''  class='avia-icongrid-wrapper av-43o3z-4462433d71eac9a2c84b68c5579cd935'><article class='article-icon-entry'  itemscope=\"itemscope\" itemtype=\"https:\/\/schema.org\/CreativeWork\" ><div class='avia-icongrid-front'><div class=\"avia-icongrid-inner\"><header class=\"entry-content-header\"><h6 class='av_icongrid_subtitle icongrid_subtitle' ><p><img loading=\"lazy\" decoding=\"async\" src=\"http:\/\/www.zahnklinik.cz\/wp-content\/uploads\/2024\/11\/zubni_mustky.png\" alt=\"Popis obr\u00e1zku\" width=\"80\" height=\"80\" \/><\/p>\n<h3 style=\"color: white;\">Br\u00fccke<\/h3>\n<\/h6><\/header><\/div><\/div><div class='avia-icongrid-flipback'><div class=\"avia-icongrid-inner\"><div class='avia-icongrid-text'  itemprop=\"text\" ><p>Eine Zahnbr\u00fccke ersetzt fehlende Z\u00e4hne und schlie\u00dft L\u00fccken mithilfe von Kronen. Sie bietet eine stabile Versorgung und erm\u00f6glicht nat\u00fcrliches Kauen, erfordert jedoch oft das Beschleifen der benachbarten Z\u00e4hne. Wir bieten Br\u00fccken aus Vollkeramik und Zirkoniumdioxid an, die auch f\u00fcr Allergiker geeignet sind.<\/p>\n<\/div><\/div><\/div><\/article><\/a><\/li>\n<li class='av-icon-cell-item av-row-with-4-cells av-row-nr-1 av-cell-4 av-first-cell-row av-last-cell-item'><a href='https:\/\/www.zahnklinik.cz\/de\/poskytovane-sluzby\/zubni-protezy\/' title=''  class='avia-icongrid-wrapper av-w35ef-7ec4fb665bd18b51e918c453a207b267'><article class='article-icon-entry'  itemscope=\"itemscope\" itemtype=\"https:\/\/schema.org\/CreativeWork\" ><div class='avia-icongrid-front'><div class=\"avia-icongrid-inner\"><header class=\"entry-content-header\"><h6 class='av_icongrid_subtitle icongrid_subtitle' ><p><img loading=\"lazy\" decoding=\"async\" src=\"http:\/\/www.zahnklinik.cz\/wp-content\/uploads\/2024\/11\/zubni_protezy.png\" alt=\"Popis obr\u00e1zku\" width=\"80\" height=\"80\" \/><\/p>\n<h3 style=\"color: white;\">Prothese<\/h3>\n<\/h6><\/header><\/div><\/div><div class='avia-icongrid-flipback'><div class=\"avia-icongrid-inner\"><div class='avia-icongrid-text'  itemprop=\"text\" ><p>Herausnehmbare Prothesen k\u00f6nnen aus Kunststoff gefertigt, als gegossene Teilprothesen oder als Teleskopprothesen f\u00fcr zus\u00e4tzlichen Komfort gestaltet werden. Die Totalprothese ersetzt alle Z\u00e4hne und h\u00e4lt durch Saugwirkung. Hybridprothesen in Kombination mit Implantaten bieten besseren Halt und mehr Komfort beim Kauen, Sprechen und Lachen.<\/p>\n<\/div><\/div><\/div><\/article><\/a><\/li>\n<li class='av-icon-cell-item av-row-with-4-cells av-row-nr-2 av-cell-1 av-next-cell-row av-first-cell-item'><a href='https:\/\/www.zahnklinik.cz\/de\/poskytovane-sluzby\/endodoncie\/' title=''  class='avia-icongrid-wrapper av-s8axz-40ea51e1f24ccf85db691fb5f553a6c8'><article class='article-icon-entry'  itemscope=\"itemscope\" itemtype=\"https:\/\/schema.org\/CreativeWork\" ><div class='avia-icongrid-front'><div class=\"avia-icongrid-inner\"><header class=\"entry-content-header\"><h6 class='av_icongrid_subtitle icongrid_subtitle' ><p><img loading=\"lazy\" decoding=\"async\" src=\"http:\/\/www.zahnklinik.cz\/wp-content\/uploads\/2024\/11\/endodoncie.png\" alt=\"Popis obr\u00e1zku\" width=\"80\" height=\"80\" \/><\/p>\n<h3 style=\"color: white;\">Endodontie<\/h3>\n<\/h6><\/header><\/div><\/div><div class='avia-icongrid-flipback'><div class=\"avia-icongrid-inner\"><div class='avia-icongrid-text'  itemprop=\"text\" ><p>Die Endodontie befasst sich mit der Behandlung von Wurzelkan\u00e4len nach einer Sch\u00e4digung des Zahnmarks, um den Zahn zu erhalten. Das Nervengewebe wird entfernt und der Kanal wird mithilfe einer R\u00f6ntgenaufnahme oder eines Kanall\u00e4ngenmessers verschlossen.<\/p>\n<\/div><\/div><\/div><\/article><\/a><\/li>\n<li class='av-icon-cell-item av-row-with-4-cells av-row-nr-2 av-cell-2 av-next-cell-row av-inner-cell-item'><a href='https:\/\/www.zahnklinik.cz\/de\/poskytovane-sluzby\/parodontologie\/' title=''  class='avia-icongrid-wrapper av-mfdc7-6f0ff2bb448b8baf6e62ff4b5a134208'><article class='article-icon-entry'  itemscope=\"itemscope\" itemtype=\"https:\/\/schema.org\/CreativeWork\" ><div class='avia-icongrid-front'><div class=\"avia-icongrid-inner\"><header class=\"entry-content-header\"><h6 class='av_icongrid_subtitle icongrid_subtitle' ><p><img loading=\"lazy\" decoding=\"async\" src=\"http:\/\/www.zahnklinik.cz\/wp-content\/uploads\/2024\/11\/paradontoza.png\" alt=\"Popis obr\u00e1zku\" width=\"80\" height=\"80\" \/><\/p>\n<h3 style=\"color: white;\">Parodontologie<\/h3>\n<\/h6><\/header><\/div><\/div><div class='avia-icongrid-flipback'><div class=\"avia-icongrid-inner\"><div class='avia-icongrid-text'  itemprop=\"text\" ><p>Parodontitis ist eine durch Bakterien verursachte Entz\u00fcndung, die den Zahnhalteapparat sch\u00e4digt. Sie \u00e4u\u00dfert sich durch Zahnfleischbluten und Lockerung der Z\u00e4hne. Die Behandlung umfasst die Entfernung von Zahnbelag, die Reinigung der Taschen und die h\u00e4usliche Pflege. Regelm\u00e4\u00dfige Mundhygiene f\u00f6rdert die Zahngesundheit.<\/p>\n<\/div><\/div><\/div><\/article><\/a><\/li>\n<li class='av-icon-cell-item av-row-with-4-cells av-row-nr-2 av-cell-3 av-next-cell-row av-inner-cell-item'><a href='https:\/\/www.zahnklinik.cz\/de\/poskytovane-sluzby\/beleni-zubu\/' title=''  class='avia-icongrid-wrapper av-f2kxj-20b7f850ffeaf59af0b2fddf4c4fd5f7'><article class='article-icon-entry'  itemscope=\"itemscope\" itemtype=\"https:\/\/schema.org\/CreativeWork\" ><div class='avia-icongrid-front'><div class=\"avia-icongrid-inner\"><header class=\"entry-content-header\"><h6 class='av_icongrid_subtitle icongrid_subtitle' ><p><img loading=\"lazy\" decoding=\"async\" src=\"http:\/\/www.zahnklinik.cz\/wp-content\/uploads\/2024\/11\/beleni_zubu.png\" alt=\"Popis obr\u00e1zku\" width=\"80\" height=\"80\" \/><\/p>\n<h3 style=\"color: white;\">Bleaching<\/h3>\n<\/h6><\/header><\/div><\/div><div class='avia-icongrid-flipback'><div class=\"avia-icongrid-inner\"><div class='avia-icongrid-text'  itemprop=\"text\" ><p>Bleaching ist die Aufhellung der Z\u00e4hne, die mit der Entfernung oberfl\u00e4chlicher Verf\u00e4rbungen im Rahmen der Mundhygiene beginnt. Bei tieferen Verf\u00e4rbungen wird ein spezielles Bleichmittel verwendet, m\u00f6glicherweise in Kombination mit einem Laser, und durch wiederholte Behandlungen kann eine deutliche Aufhellung erzielt werden.<\/p>\n<\/div><\/div><\/div><\/article><\/a><\/li>\n<li class='av-icon-cell-item av-row-with-4-cells av-row-nr-2 av-cell-4 av-next-cell-row av-last-cell-item'><a href='https:\/\/www.zahnklinik.cz\/de\/poskytovane-sluzby\/zubni-implantaty\/' title=''  class='avia-icongrid-wrapper av-875iv-3159200099ba230697b040c613c1864b'><article class='article-icon-entry'  itemscope=\"itemscope\" itemtype=\"https:\/\/schema.org\/CreativeWork\" ><div class='avia-icongrid-front'><div class=\"avia-icongrid-inner\"><header class=\"entry-content-header\"><h6 class='av_icongrid_subtitle icongrid_subtitle' ><p><img loading=\"lazy\" decoding=\"async\" src=\"http:\/\/www.zahnklinik.cz\/wp-content\/uploads\/2024\/11\/zubni_implantaty.png\" alt=\"Popis obr\u00e1zku\" width=\"80\" height=\"80\" \/><\/p>\n<h3 style=\"color: white;\">Implantat<\/h3>\n<\/h6><\/header><\/div><\/div><div class='avia-icongrid-flipback'><div class=\"avia-icongrid-inner\"><div class='avia-icongrid-text'  itemprop=\"text\" ><p>Ein Zahnimplantat ersetzt die fehlende Zahnwurzel, die mit dem Kieferknochen verbunden ist. Der Prozess umfasst drei Schritte: das Einsetzen des Implantats, die Suprakonstruktion und die endg\u00fcltige Versorgung (Krone oder Br\u00fccke).<\/p>\n<\/div><\/div><\/div><\/article><\/a><\/li>\n<\/ul><\/div><\/div>","protected":false},"excerpt":{"rendered":"","protected":false},"author":1,"featured_media":0,"parent":0,"menu_order":0,"comment_status":"closed","ping_status":"closed","template":"","meta":{"footnotes":""},"class_list":["post-679","page","type-page","status-publish","hentry"],"_links":{"self":[{"href":"https:\/\/www.zahnklinik.cz\/de\/wp-json\/wp\/v2\/pages\/679","targetHints":{"allow":["GET"]}}],"collection":[{"href":"https:\/\/www.zahnklinik.cz\/de\/wp-json\/wp\/v2\/pages"}],"about":[{"href":"https:\/\/www.zahnklinik.cz\/de\/wp-json\/wp\/v2\/types\/page"}],"author":[{"embeddable":true,"href":"https:\/\/www.zahnklinik.cz\/de\/wp-json\/wp\/v2\/users\/1"}],"replies":[{"embeddable":true,"href":"https:\/\/www.zahnklinik.cz\/de\/wp-json\/wp\/v2\/comments?post=679"}],"version-history":[{"count":48,"href":"https:\/\/www.zahnklinik.cz\/de\/wp-json\/wp\/v2\/pages\/679\/revisions"}],"predecessor-version":[{"id":1298,"href":"https:\/\/www.zahnklinik.cz\/de\/wp-json\/wp\/v2\/pages\/679\/revisions\/1298"}],"wp:attachment":[{"href":"https:\/\/www.zahnklinik.cz\/de\/wp-json\/wp\/v2\/media?parent=679"}],"curies":[{"name":"wp","href":"https:\/\/api.w.org\/{rel}","templated":true}]}}