{"id":675,"date":"2024-11-08T18:17:26","date_gmt":"2024-11-08T18:17:26","guid":{"rendered":"https:\/\/www.zahnklinik.cz\/?page_id=675"},"modified":"2024-11-10T21:17:35","modified_gmt":"2024-11-10T21:17:35","slug":"kontakt","status":"publish","type":"page","link":"https:\/\/www.zahnklinik.cz\/de\/kontakt\/","title":{"rendered":"Kontakt"},"content":{"rendered":"<div id='team'  class='avia-section av-llihn-7c0e6a29496bd18952b0a7550e0265d7 main_color avia-section-no-padding avia-no-border-styling  avia-builder-el-0  el_before_av_section  avia-builder-el-first  avia-bg-style-scroll av-minimum-height av-minimum-height-7  container_wrap fullsize'   data-av_minimum_height_pc='7'><div class='container av-section-cont-open' ><main  role=\"main\" itemprop=\"mainContentOfPage\"  class='template-page content  av-content-full alpha units'><div class='post-entry post-entry-type-page post-entry-675'><div class='entry-content-wrapper clearfix'>\n\n<style type=\"text\/css\" data-created_by=\"avia_inline_auto\" id=\"style-css-av-m3bz2hsf-9ebf886a0c52614783727aa5e98b4dfe\">\n#top .av-special-heading.av-m3bz2hsf-9ebf886a0c52614783727aa5e98b4dfe{\nmargin:0 0 0 0;\npadding-bottom:0;\nfont-size:53px;\n}\nbody .av-special-heading.av-m3bz2hsf-9ebf886a0c52614783727aa5e98b4dfe .av-special-heading-tag .heading-char{\nfont-size:25px;\n}\n#top #wrap_all .av-special-heading.av-m3bz2hsf-9ebf886a0c52614783727aa5e98b4dfe .av-special-heading-tag{\nfont-size:53px;\n}\n.av-special-heading.av-m3bz2hsf-9ebf886a0c52614783727aa5e98b4dfe .av-subheading{\nfont-size:23px;\n}\n\n@media only screen and (min-width: 480px) and (max-width: 767px){ \n#top #wrap_all .av-special-heading.av-m3bz2hsf-9ebf886a0c52614783727aa5e98b4dfe .av-special-heading-tag{\nfont-size:0.8em;\n}\n}\n\n@media only screen and (max-width: 479px){ \n#top #wrap_all .av-special-heading.av-m3bz2hsf-9ebf886a0c52614783727aa5e98b4dfe .av-special-heading-tag{\nfont-size:0.8em;\n}\n}\n<\/style>\n<div  class='av-special-heading av-m3bz2hsf-9ebf886a0c52614783727aa5e98b4dfe av-special-heading-h3 blockquote modern-quote modern-centered  avia-builder-el-1  avia-builder-el-no-sibling  av-inherit-size'><h3 class='av-special-heading-tag'  itemprop=\"headline\"  >Kontakt<\/h3><div class=\"special-heading-border\"><div class=\"special-heading-inner-border\"><\/div><\/div><\/div>\n\n<\/div><\/div><\/main><!-- close content main element --><\/div><\/div><div id='work'  class='avia-section av-1usulf-7405a92ec9722f68fa8f88fa24238542 main_color avia-section-huge avia-no-border-styling  avia-builder-el-2  el_after_av_section  el_before_av_section  avia-bg-style-scroll container_wrap fullsize'  ><div class='container av-section-cont-open' ><div class='template-page content  av-content-full alpha units'><div class='post-entry post-entry-type-page post-entry-675'><div class='entry-content-wrapper clearfix'>\n<div class='flex_column_table av-1kcyyj-8b30dc2c487792ff116869114ba2c995 sc-av_one_third av-equal-height-column-flextable'>\n<style type=\"text\/css\" data-created_by=\"avia_inline_auto\" id=\"style-css-av-1kcyyj-8b30dc2c487792ff116869114ba2c995\">\n@-webkit-keyframes av_boxShadowEffect_av-1kcyyj-8b30dc2c487792ff116869114ba2c995-column {\n0%   { box-shadow:  0 0 0 0 rgba(0,0,0,0.18); opacity: 1; }\n100% { box-shadow:  0 0 5px 0 rgba(0,0,0,0.18); opacity: 1; }\n}\n@keyframes av_boxShadowEffect_av-1kcyyj-8b30dc2c487792ff116869114ba2c995-column {\n0%   { box-shadow:  0 0 0 0 rgba(0,0,0,0.18); opacity: 1; }\n100% { box-shadow:  0 0 5px 0 rgba(0,0,0,0.18); opacity: 1; }\n}\n#top .flex_column_table.av-equal-height-column-flextable.av-1kcyyj-8b30dc2c487792ff116869114ba2c995{\nmargin-top:0px;\nmargin-bottom:-160px;\n}\n.flex_column.av-1kcyyj-8b30dc2c487792ff116869114ba2c995{\nbox-shadow: 0 0 5px 0 rgba(0,0,0,0.18);\n-webkit-border-radius:0px 0px 0px 0px;\n-moz-border-radius:0px 0px 0px 0px;\nborder-radius:0px 0px 0px 0px;\npadding:40px 40px 40px 40px;\nbackground-color:#ffffff;\n}\n<\/style>\n<div class='flex_column av-1kcyyj-8b30dc2c487792ff116869114ba2c995 av_one_third  avia-builder-el-3  el_before_av_one_third  avia-builder-el-first  first no_margin flex_column_table_cell av-equal-height-column av-align-middle av-animated-generic pop-up shadow-not-animated'     ><p>\n<style type=\"text\/css\" data-created_by=\"avia_inline_auto\" id=\"style-css-av-m3c02ih8-92ea5eff11553f5670045d91607a79cb\">\n.av_font_icon.av-m3c02ih8-92ea5eff11553f5670045d91607a79cb{\ncolor:#001a8c;\nborder-color:#001a8c;\n}\n.av_font_icon.av-m3c02ih8-92ea5eff11553f5670045d91607a79cb .av-icon-char{\nfont-size:40px;\nline-height:40px;\nwidth:40px;\n}\n<\/style>\n<span  class='av_font_icon av-m3c02ih8-92ea5eff11553f5670045d91607a79cb avia_animate_when_visible av-icon-style-border avia-icon-pos-center avia-icon-animate'><span class='av-icon-char' aria-hidden='true' data-av_icon='\ue854' data-av_iconfont='entypo-fontello' ><\/span><\/span><br \/>\n\n<style type=\"text\/css\" data-created_by=\"avia_inline_auto\" id=\"style-css-av-m3c01903-e05af5774b89c72fec817f233b7ef710\">\n#top .av_textblock_section.av-m3c01903-e05af5774b89c72fec817f233b7ef710 .avia_textblock{\nfont-size:24px;\ncolor:#001a8c;\n}\n<\/style>\n<section  class='av_textblock_section av-m3c01903-e05af5774b89c72fec817f233b7ef710'  itemscope=\"itemscope\" itemtype=\"https:\/\/schema.org\/CreativeWork\" ><div class='avia_textblock av_inherit_color'  itemprop=\"text\" ><p style=\"text-align: center;\"><strong>+420 775 588 940<\/strong><\/p>\n<\/div><\/section><\/p><\/div>\n<style type=\"text\/css\" data-created_by=\"avia_inline_auto\" id=\"style-css-av-126luz-0938bbab49526482d90c0f977a38f5df\">\n@-webkit-keyframes av_boxShadowEffect_av-126luz-0938bbab49526482d90c0f977a38f5df-column {\n0%   { box-shadow:  0 0 0 0 rgba(0,0,0,0.18); opacity: 1; }\n100% { box-shadow:  0 0 10px 0 rgba(0,0,0,0.18); opacity: 1; }\n}\n@keyframes av_boxShadowEffect_av-126luz-0938bbab49526482d90c0f977a38f5df-column {\n0%   { box-shadow:  0 0 0 0 rgba(0,0,0,0.18); opacity: 1; }\n100% { box-shadow:  0 0 10px 0 rgba(0,0,0,0.18); opacity: 1; }\n}\n#top .flex_column_table.av-equal-height-column-flextable.av-126luz-0938bbab49526482d90c0f977a38f5df{\nmargin-top:0px;\nmargin-bottom:0px;\n}\n.flex_column.av-126luz-0938bbab49526482d90c0f977a38f5df{\n-webkit-transform:scale(1.1);\n-moz-transform:scale(1.1);\n-ms-transform:scale(1.1);\n-o-transform:scale(1.1);\ntransform:scale(1.1);\nz-index:5;\nbox-shadow: 0 0 10px 0 rgba(0,0,0,0.18);\n-webkit-border-radius:0px 0px 0px 0px;\n-moz-border-radius:0px 0px 0px 0px;\nborder-radius:0px 0px 0px 0px;\npadding:40px 40px 40px 40px;\nbackground-color:#001a8c;\nbackground:linear-gradient( to bottom right, #001a8c, #008cd8 );\n}\n<\/style>\n<div class='flex_column av-126luz-0938bbab49526482d90c0f977a38f5df av_one_third  avia-builder-el-6  el_after_av_one_third  el_before_av_one_third  no_margin flex_column_table_cell av-equal-height-column av-align-middle shadow-not-animated'     ><p>\n<style type=\"text\/css\" data-created_by=\"avia_inline_auto\" id=\"style-css-av-m3c0447k-d3064a3d9eb647ff7ce92f5a76aac8fd\">\n.av_font_icon.av-m3c0447k-d3064a3d9eb647ff7ce92f5a76aac8fd{\ncolor:#ffffff;\nborder-color:#ffffff;\n}\n.av_font_icon.av-m3c0447k-d3064a3d9eb647ff7ce92f5a76aac8fd .av-icon-char{\nfont-size:40px;\nline-height:40px;\nwidth:40px;\n}\n<\/style>\n<span  class='av_font_icon av-m3c0447k-d3064a3d9eb647ff7ce92f5a76aac8fd avia_animate_when_visible av-icon-style-border avia-icon-pos-center avia-icon-animate'><span class='av-icon-char' aria-hidden='true' data-av_icon='\ue821' data-av_iconfont='entypo-fontello' ><\/span><\/span><br \/>\n\n<style type=\"text\/css\" data-created_by=\"avia_inline_auto\" id=\"style-css-av-m3c03mro-61716de3016c962975b2158a482050cf\">\n#top .av_textblock_section.av-m3c03mro-61716de3016c962975b2158a482050cf .avia_textblock{\nfont-size:22px;\ncolor:#ffffff;\n}\n<\/style>\n<section  class='av_textblock_section av-m3c03mro-61716de3016c962975b2158a482050cf'  itemscope=\"itemscope\" itemtype=\"https:\/\/schema.org\/CreativeWork\" ><div class='avia_textblock av_inherit_color'  itemprop=\"text\" ><p style=\"text-align: center;\"><strong>Dr. Jakub\u010d\u00e1k, s.r.o.<\/strong><br \/>\nStud\u00e1neck\u00e1 427<br \/>\n382 73 Vy\u0161\u0161\u00ed Brod<\/p>\n<\/div><\/section><br \/>\n\n<style type=\"text\/css\" data-created_by=\"avia_inline_auto\" id=\"style-css-av-ukfhn-278bbbd3a7a4594a016b3b98fd5088ce\">\n#top .hr.hr-invisible.av-ukfhn-278bbbd3a7a4594a016b3b98fd5088ce{\nheight:50px;\n}\n<\/style>\n<div  class='hr av-ukfhn-278bbbd3a7a4594a016b3b98fd5088ce hr-invisible  avia-builder-el-9  el_after_av_textblock  el_before_av_button'><span class='hr-inner'><span class=\"hr-inner-style\"><\/span><\/span><\/div><br \/>\n<div  class='avia-button-wrap av-sa6ub-673e16b795eeb94de7203bea38ebcea2-wrap avia-button-center  avia-builder-el-10  el_after_av_hr  avia-builder-el-last'>\n<style type=\"text\/css\" data-created_by=\"avia_inline_auto\" id=\"style-css-av-sa6ub-673e16b795eeb94de7203bea38ebcea2\">\n#top #wrap_all .avia-button.av-sa6ub-673e16b795eeb94de7203bea38ebcea2{\nfont-size:20px;\nbackground-color:#ffffff;\nborder-color:#ffffff;\ncolor:#001a8c;\nborder-style:none;\nbox-shadow:none;\n-webkit-transition:all 0.4s ease-in-out;\n-moz-transition:all 0.4s ease-in-out;\n-ms-transition:all 0.4s ease-in-out;\n-o-transition:all 0.4s ease-in-out;\ntransition:all 0.4s ease-in-out;\n}\n#top #wrap_all .avia-button.av-sa6ub-673e16b795eeb94de7203bea38ebcea2:hover{\nbackground-color:#001a8c;\ncolor:#ffffff;\nopacity:1;\n-webkit-transition:all 0.4s ease-in-out;\n-moz-transition:all 0.4s ease-in-out;\n-ms-transition:all 0.4s ease-in-out;\n-o-transition:all 0.4s ease-in-out;\ntransition:all 0.4s ease-in-out;\n}\n<\/style>\n<a href='https:\/\/www.zahnklinik.cz\/de\/kontakt\/kontaktni-formular\/'  class='avia-button av-sa6ub-673e16b795eeb94de7203bea38ebcea2 avia-icon_select-no avia-size-large avia-position-center'  ><span class='avia_iconbox_title' >Kontaktformular<\/span><\/a><\/div><\/p><\/div>\n<style type=\"text\/css\" data-created_by=\"avia_inline_auto\" id=\"style-css-av-ilidf-f20fbdb7e309e1f1d019bb696296a344\">\n@-webkit-keyframes av_boxShadowEffect_av-ilidf-f20fbdb7e309e1f1d019bb696296a344-column {\n0%   { box-shadow:  0 0 0 0 rgba(0,0,0,0.18); opacity: 1; }\n100% { box-shadow:  0 0 5px 0 rgba(0,0,0,0.18); opacity: 1; }\n}\n@keyframes av_boxShadowEffect_av-ilidf-f20fbdb7e309e1f1d019bb696296a344-column {\n0%   { box-shadow:  0 0 0 0 rgba(0,0,0,0.18); opacity: 1; }\n100% { box-shadow:  0 0 5px 0 rgba(0,0,0,0.18); opacity: 1; }\n}\n#top .flex_column_table.av-equal-height-column-flextable.av-ilidf-f20fbdb7e309e1f1d019bb696296a344{\nmargin-top:0px;\nmargin-bottom:0px;\n}\n.flex_column.av-ilidf-f20fbdb7e309e1f1d019bb696296a344{\nbox-shadow: 0 0 5px 0 rgba(0,0,0,0.18);\n-webkit-border-radius:0px 0px 0px 0px;\n-moz-border-radius:0px 0px 0px 0px;\nborder-radius:0px 0px 0px 0px;\npadding:40px 40px 40px 40px;\nbackground-color:#ffffff;\n}\n<\/style>\n<div class='flex_column av-ilidf-f20fbdb7e309e1f1d019bb696296a344 av_one_third  avia-builder-el-11  el_after_av_one_third  avia-builder-el-last  no_margin flex_column_table_cell av-equal-height-column av-align-middle av-animated-generic pop-up shadow-not-animated'     ><p>\n<style type=\"text\/css\" data-created_by=\"avia_inline_auto\" id=\"style-css-av-m3c06can-b3b207e9c1aee0990a65d57fd54c4c23\">\n.av_font_icon.av-m3c06can-b3b207e9c1aee0990a65d57fd54c4c23{\ncolor:#001a8c;\nborder-color:#001a8c;\n}\n.av_font_icon.av-m3c06can-b3b207e9c1aee0990a65d57fd54c4c23 .av-icon-char{\nfont-size:40px;\nline-height:40px;\nwidth:40px;\n}\n<\/style>\n<span  class='av_font_icon av-m3c06can-b3b207e9c1aee0990a65d57fd54c4c23 avia_animate_when_visible av-icon-style-border avia-icon-pos-center avia-icon-animate'><span class='av-icon-char' aria-hidden='true' data-av_icon='\ue805' data-av_iconfont='entypo-fontello' ><\/span><\/span><br \/>\n\n<style type=\"text\/css\" data-created_by=\"avia_inline_auto\" id=\"style-css-av-m3c05xse-6d2719934c1493d479fb4c6c16e861c9\">\n#top .av_textblock_section.av-m3c05xse-6d2719934c1493d479fb4c6c16e861c9 .avia_textblock{\nfont-size:24px;\ncolor:#001a8c;\n}\n<\/style>\n<section  class='av_textblock_section av-m3c05xse-6d2719934c1493d479fb4c6c16e861c9'  itemscope=\"itemscope\" itemtype=\"https:\/\/schema.org\/CreativeWork\" ><div class='avia_textblock av_inherit_color'  itemprop=\"text\" ><p style=\"text-align: center;\"><span style=\"color: #001a8c;\"><strong><a href=\"mailto:\">recepce@zahnklinik.cz<\/a><\/strong><\/span><\/p>\n<\/div><\/section><\/p><\/div><\/div><!--close column table wrapper. Autoclose: 1 -->\n\n<\/div><\/div><\/div><!-- close content main div --><\/div><\/div>\n<style type=\"text\/css\" data-created_by=\"avia_inline_auto\" id=\"style-css-av-m3bzyop8-afdcf9dac18f127fa59688ed0441e262\">\n.avia-section.av-m3bzyop8-afdcf9dac18f127fa59688ed0441e262{\nbackground-repeat:no-repeat;\nbackground-image:url(https:\/\/www.zahnklinik.cz\/wp-content\/uploads\/2024\/11\/5-2.png);\nbackground-position:50% 50%;\nbackground-attachment:scroll;\n}\n<\/style>\n<div id='team'  class='avia-section av-m3bzyop8-afdcf9dac18f127fa59688ed0441e262 main_color avia-section-small avia-no-border-styling  avia-builder-el-14  el_after_av_section  el_before_av_textblock  avia-full-stretch avia-bg-style-scroll av-minimum-height av-minimum-height-25  container_wrap fullsize'  data-section-bg-repeat='stretch' data-av_minimum_height_pc='25'><div class='container av-section-cont-open' ><div class='template-page content  av-content-full alpha units'><div class='post-entry post-entry-type-page post-entry-675'><div class='entry-content-wrapper clearfix'><\/div><\/div><\/div><!-- close content main div --><\/div><\/div><div id='after_section_3'  class='main_color av_default_container_wrap container_wrap fullsize'  ><div class='container av-section-cont-open' ><div class='template-page content  av-content-full alpha units'><div class='post-entry post-entry-type-page post-entry-675'><div class='entry-content-wrapper clearfix'>\n\n<style type=\"text\/css\" data-created_by=\"avia_inline_auto\" id=\"style-css-av-m3c3gp90-ab5407d30e4d1bdb2276da66e26ab928\">\n#top .av_textblock_section.av-m3c3gp90-ab5407d30e4d1bdb2276da66e26ab928 .avia_textblock{\ntext-align:center;\n}\n<\/style>\n<section  class='av_textblock_section av-m3c3gp90-ab5407d30e4d1bdb2276da66e26ab928'  itemscope=\"itemscope\" itemtype=\"https:\/\/schema.org\/CreativeWork\" ><div class='avia_textblock'  itemprop=\"text\" ><p style=\"text-align: center;\"><div id=\"wpgmza_map_1\" class=\"wpgmza_map wpgmza-auto-center\" style=\"display:block;width:100%;height:400px;overflow:hidden;position:relative;\" data-map-id=\"1\" data-maps-engine=\"open-layers\" data-build-engine=\"atlas-novus\" data-shortcode-attributes=\"{&quot;id&quot;:&quot;1&quot;,&quot;zoom&quot;:false,&quot;width&quot;:false,&quot;height&quot;:false,&quot;marker&quot;:false,&quot;classname&quot;:false}\" data-settings=\"{&quot;map_title&quot;:&quot;Zahnklinik&quot;,&quot;map_width&quot;:&quot;100&quot;,&quot;map_height&quot;:&quot;400&quot;,&quot;map_start_lat&quot;:&quot;48.61252090364991&quot;,&quot;map_start_lng&quot;:&quot;14.311293690599834&quot;,&quot;map_start_location&quot;:&quot;45.950464398418106,-109.81550500000003&quot;,&quot;map_start_zoom&quot;:&quot;17&quot;,&quot;default_marker&quot;:&quot;&quot;,&quot;type&quot;:&quot;1&quot;,&quot;alignment&quot;:&quot;4&quot;,&quot;directions_enabled&quot;:&quot;0&quot;,&quot;styling_enabled&quot;:&quot;0&quot;,&quot;styling_json&quot;:&quot;&quot;,&quot;active&quot;:&quot;0&quot;,&quot;kml&quot;:&quot;&quot;,&quot;bicycle&quot;:&quot;0&quot;,&quot;traffic&quot;:&quot;0&quot;,&quot;dbox&quot;:&quot;0&quot;,&quot;dbox_width&quot;:&quot;&quot;,&quot;listmarkers&quot;:&quot;0&quot;,&quot;listmarkers_advanced&quot;:&quot;0&quot;,&quot;filterbycat&quot;:&quot;0&quot;,&quot;ugm_enabled&quot;:&quot;0&quot;,&quot;ugm_category_enabled&quot;:&quot;0&quot;,&quot;fusion&quot;:&quot;&quot;,&quot;map_width_type&quot;:&quot;%&quot;,&quot;map_height_type&quot;:&quot;px&quot;,&quot;mass_marker_support&quot;:&quot;0&quot;,&quot;ugm_access&quot;:&quot;0&quot;,&quot;order_markers_by&quot;:&quot;0&quot;,&quot;order_markers_choice&quot;:&quot;0&quot;,&quot;show_user_location&quot;:&quot;0&quot;,&quot;default_to&quot;:&quot;&quot;,&quot;map_type&quot;:1,&quot;sl_stroke_color&quot;:&quot;&quot;,&quot;sl_fill_color&quot;:&quot;&quot;,&quot;sl_stroke_opacity&quot;:&quot;&quot;,&quot;sl_fill_opacity&quot;:&quot;&quot;,&quot;transport_layer&quot;:false,&quot;action&quot;:&quot;wpgmza_save_map&quot;,&quot;redirect_to&quot;:&quot;\\\/wp-admin\\\/admin-post.php&quot;,&quot;map_id&quot;:&quot;1&quot;,&quot;wpgmza_savemap&quot;:&quot;Ulo\\u017eit mapu&quot;,&quot;http_referer&quot;:&quot;\\\/wp-admin\\\/admin.php?page=wp-google-maps-menu&amp;amp;action=edit&amp;amp;map_id=1&quot;,&quot;wpgmza_id&quot;:&quot;1&quot;,&quot;wpgmza_start_location&quot;:&quot;48.61252090364991,14.311293690599834&quot;,&quot;wpgmza_start_zoom&quot;:&quot;17&quot;,&quot;wpgmza_map_align&quot;:&quot;2&quot;,&quot;store_locator_enabled&quot;:false,&quot;store_locator_distance&quot;:false,&quot;store_locator_search_area&quot;:&quot;radial&quot;,&quot;wpgmza_store_locator_default_radius&quot;:&quot;10&quot;,&quot;store_locator_auto_area_max_zoom&quot;:&quot;&quot;,&quot;wpgmza_store_locator_radius_style&quot;:&quot;legacy&quot;,&quot;store_locator_component_anchor&quot;:&quot;0&quot;,&quot;wpgmza_store_locator_bounce&quot;:false,&quot;wpgmza_sl_animation&quot;:null,&quot;store_locator_query_string&quot;:&quot;&quot;,&quot;store_locator_location_placeholder&quot;:&quot;&quot;,&quot;store_locator_default_address&quot;:&quot;&quot;,&quot;store_locator_name_search&quot;:false,&quot;store_locator_name_string&quot;:&quot;&quot;,&quot;store_locator_not_found_message&quot;:&quot;&quot;,&quot;store_locator_show_distance&quot;:false,&quot;store_locator_category&quot;:false,&quot;wpgmza_store_locator_use_their_location&quot;:false,&quot;wpgmza_store_locator_hide_before_search&quot;:false,&quot;store_locator_nearby_searches&quot;:false,&quot;wpgmza_theme_data&quot;:&quot;&quot;,&quot;custom_tile_enabled&quot;:false,&quot;custom_tile_image&quot;:&quot;&quot;,&quot;custom_tile_image_width&quot;:&quot;&quot;,&quot;custom_tile_image_height&quot;:&quot;&quot;,&quot;custom_tile_image_attribution&quot;:&quot;&quot;,&quot;iw_primary_color&quot;:&quot;#000000&quot;,&quot;iw_accent_color&quot;:&quot;#000000&quot;,&quot;iw_text_color&quot;:&quot;#000000&quot;,&quot;close_infowindow_on_map_click&quot;:false,&quot;marker_share_links&quot;:false,&quot;wpgmza_listmarkers_by&quot;:&quot;0&quot;,&quot;marker_listing_component_anchor&quot;:null,&quot;marker_listing_component_auto_open&quot;:false,&quot;category_filter_component_anchor&quot;:null,&quot;zoom_level_on_marker_listing_override&quot;:false,&quot;zoom_level_on_marker_listing_click&quot;:&quot;&quot;,&quot;marker_listing_disable_zoom&quot;:false,&quot;dataTable_pagination_style&quot;:null,&quot;datatable_no_result_message&quot;:&quot;&quot;,&quot;remove_search_box_datables&quot;:false,&quot;datatable_search_string&quot;:&quot;&quot;,&quot;datatable_result_start&quot;:&quot;&quot;,&quot;datatable_result_of&quot;:&quot;&quot;,&quot;datatable_result_to&quot;:&quot;&quot;,&quot;datatable_result_total&quot;:&quot;&quot;,&quot;datatable_result_show&quot;:&quot;&quot;,&quot;datatable_result_entries&quot;:&quot;&quot;,&quot;category_legends_enabled&quot;:false,&quot;category_legends_component_anchor&quot;:null,&quot;jump_to_nearest_marker_on_initialization&quot;:false,&quot;click_open_link&quot;:false,&quot;wpgmza_zoom_on_marker_click&quot;:false,&quot;wpgmza_zoom_on_marker_click_slider&quot;:&quot;&quot;,&quot;enable_marker_labels&quot;:false,&quot;polygon_labels&quot;:false,&quot;disable_polygon_info_windows&quot;:false,&quot;fit_maps_bounds_to_markers&quot;:false,&quot;fit_maps_bounds_to_markers_after_filtering&quot;:false,&quot;automatically_pan_to_users_location&quot;:false,&quot;override_users_location_zoom_level&quot;:false,&quot;override_users_location_zoom_levels&quot;:&quot;&quot;,&quot;show_distance_from_location&quot;:false,&quot;map_starts_in_streetview&quot;:false,&quot;map_starts_in_streetview_location&quot;:&quot;&quot;,&quot;map_starts_in_streetview_heading&quot;:&quot;&quot;,&quot;map_starts_in_streetview_pitch&quot;:&quot;&quot;,&quot;map_max_zoom&quot;:&quot;21&quot;,&quot;map_min_zoom&quot;:&quot;0&quot;,&quot;zoom_level_mobile_override_enabled&quot;:false,&quot;zoom_level_mobile_override&quot;:&quot;&quot;,&quot;hide_point_of_interest&quot;:false,&quot;disable_lightbox_images&quot;:false,&quot;use_Raw_Jpeg_Coordinates&quot;:false,&quot;enable_marker_ratings&quot;:false,&quot;only_load_markers_within_viewport&quot;:false,&quot;wpgmza_ol_tile_filter&quot;:&quot;none&quot;,&quot;id&quot;:1}\" ><\/div><\/p>\n<\/div><\/section>","protected":false},"excerpt":{"rendered":"","protected":false},"author":1,"featured_media":0,"parent":0,"menu_order":0,"comment_status":"closed","ping_status":"closed","template":"","meta":{"footnotes":""},"class_list":["post-675","page","type-page","status-publish","hentry"],"_links":{"self":[{"href":"https:\/\/www.zahnklinik.cz\/de\/wp-json\/wp\/v2\/pages\/675","targetHints":{"allow":["GET"]}}],"collection":[{"href":"https:\/\/www.zahnklinik.cz\/de\/wp-json\/wp\/v2\/pages"}],"about":[{"href":"https:\/\/www.zahnklinik.cz\/de\/wp-json\/wp\/v2\/types\/page"}],"author":[{"embeddable":true,"href":"https:\/\/www.zahnklinik.cz\/de\/wp-json\/wp\/v2\/users\/1"}],"replies":[{"embeddable":true,"href":"https:\/\/www.zahnklinik.cz\/de\/wp-json\/wp\/v2\/comments?post=675"}],"version-history":[{"count":32,"href":"https:\/\/www.zahnklinik.cz\/de\/wp-json\/wp\/v2\/pages\/675\/revisions"}],"predecessor-version":[{"id":1205,"href":"https:\/\/www.zahnklinik.cz\/de\/wp-json\/wp\/v2\/pages\/675\/revisions\/1205"}],"wp:attachment":[{"href":"https:\/\/www.zahnklinik.cz\/de\/wp-json\/wp\/v2\/media?parent=675"}],"curies":[{"name":"wp","href":"https:\/\/api.w.org\/{rel}","templated":true}]}}